{"id":20,"date":"2020-04-10T00:40:32","date_gmt":"2020-04-10T00:40:32","guid":{"rendered":"https:\/\/globaltecfire.es\/?page_id=20"},"modified":"2025-01-30T16:41:58","modified_gmt":"2025-01-30T16:41:58","slug":"contacto","status":"publish","type":"page","link":"https:\/\/globaltecfire.es\/index.php\/contacto\/","title":{"rendered":"Contacto"},"content":{"rendered":"    <!--[section]-->\n\t\t<style>\n.bd-section-549451819{background-color:#f5f5f5;padding-bottom:2em;padding-top:2em;-webkit-box-shadow:0px 0px 7px 0 rgba(0, 0, 0, 0.33);-o-box-shadow:0px 0px 7px 0 rgba(0, 0, 0, 0.33);-ms-box-shadow:0px 0px 7px 0 rgba(0, 0, 0, 0.33);-moz-box-shadow:0px 0px 7px 0 rgba(0, 0, 0, 0.33);box-shadow:0px 0px 7px 0 rgba(0, 0, 0, 0.33);}\n.bd-section-549451819{\n\tline-height:  23.8px;\n\tcolor:  #555555;\n\tfont-size:  14px;\n\tfont-weight:  400;\n\ttext-align:  center;\n}\n.bd-section-549451819 a{\n\tcolor:  #1bbb9b;\n}\n.bd-section-549451819 a:hover{\n\tcolor:  #333333;\n}\n.bd-section-549451819 h3{\n\tline-height:  28.57142858px;\n\tfont-weight:  600;\n\tfont-size:  20px;\n\tcolor:  #555555;\n}\n.bd-section-549451819 h1{\n\tline-height:  51.42857144px;\n\tfont-size:  36px;\n\tfont-weight:  600;\n\tcolor:  #1bbb9b;\n}\n<\/style>\t\t<section id=section4 class=\" bd-section-549451819  bd-tagstyles\" data-section-title=\"Contact Us Three Columns With Header\">\n\t\t\t<div class=\"bd-container-inner bd-margins clearfix\">\n\t\t\t\t<!--{content}-->\n\t\t\t\t\t    <!--[columns]-->\n        <style>\n.bd-layoutcontainer-1072618280 > .bd-container-inner > .container-fluid > .row{height:calc(100%);margin:0px -10px;}\n.bd-layoutcontainer-1072618280 > .bd-container-inner > .container-fluid > .row > div{padding:0px 10px;}\n.bd-layoutcontainer-1072618280  > .bd-container-inner > .container-fluid:after{display:none;}<\/style><style>\n.bd-layoutcontainer-1072618280 > .bd-container-inner > .container-fluid, .bd-layoutcontainer-1072618280 > .bd-container-inner > .container-fluid > .row{height:100%;}<\/style><style>.bd-layoutcontainer-1072618280 > .bd-container-inner > .container-fluid {padding-left: 0; padding-right: 0;}<\/style>        <style>\n.bd-layoutcolumn-1661234333{\n\ttext-align:  center;\n}\n\n\n.bd-layoutcolumn-1676861064{background-color:#ffffff;-webkit-box-shadow:0px 0px 7px 0 rgba(0, 0, 0, 0.33);-o-box-shadow:0px 0px 7px 0 rgba(0, 0, 0, 0.33);-ms-box-shadow:0px 0px 7px 0 rgba(0, 0, 0, 0.33);-moz-box-shadow:0px 0px 7px 0 rgba(0, 0, 0, 0.33);box-shadow:0px 0px 7px 0 rgba(0, 0, 0, 0.33);padding:1em;border-radius:20px;}\n@media (max-width: 991px) {.bd-layoutcolumn-1676861064{margin-bottom:10px;padding:1em;}}\n@media (max-width: 767px) {.bd-layoutcolumn-1676861064{\n\ttext-align:  center;\n}\n}\n\n.bd-layoutcolumn-1256950954{background-color:#ffffff;-webkit-box-shadow:0px 0px 7px 0 rgba(0, 0, 0, 0.33);-o-box-shadow:0px 0px 7px 0 rgba(0, 0, 0, 0.33);-ms-box-shadow:0px 0px 7px 0 rgba(0, 0, 0, 0.33);-moz-box-shadow:0px 0px 7px 0 rgba(0, 0, 0, 0.33);box-shadow:0px 0px 7px 0 rgba(0, 0, 0, 0.33);border-radius:20px;}\n@media (max-width: 991px) {.bd-layoutcolumn-1256950954{margin-bottom:10px;}}\n.bd-layoutcolumn-1256950954 h3{\n\ttext-align:  center;\n}\n\n\n.bd-layoutcolumn-2000340332{-webkit-box-shadow:0px 0px 7px 0 rgba(0, 0, 0, 0.33);-o-box-shadow:0px 0px 7px 0 rgba(0, 0, 0, 0.33);-ms-box-shadow:0px 0px 7px 0 rgba(0, 0, 0, 0.33);-moz-box-shadow:0px 0px 7px 0 rgba(0, 0, 0, 0.33);box-shadow:0px 0px 7px 0 rgba(0, 0, 0, 0.33);border-radius:0px;}\n@media (max-width: 991px) {.bd-layoutcolumn-2000340332{\n\ttext-align:  left;\n}\n}\n@media (max-width: 767px) {.bd-layoutcolumn-2000340332{\n\ttext-align:  center;\n}\n}<\/style>        <div class=\" bd-layoutcontainer-1072618280  bd-columns bd-no-margins\">\n            <div class=\"bd-container-inner\">\n                <div class=\"container-fluid\">\n                    <div class=\"row bd-row-flex bd-row-align-top\">\n                        <!--{content}-->\n                                <!--[column]-->\n        <div class=\"col-xs-12 bd-columnwrapper-1661234333\">\n            <div class=\"bd-column  bd-layoutcolumn-1661234333 \">\n                <div class=\"bd-vertical-align-wrapper\">\n                    <!--{content}-->\n                            <!--[text]-->\n        <style>\nh1.additional-class-1356016476{\n\tcolor:  #000000;\n}\n<\/style>        <h1 class=\" additional-class-1356016476  bd-content-element\">\n            <!--{content}-->\n                Contacto y Ubicaci\u00f3n            <!--{\/content}-->\n        <\/h1>\n    <!--[\/text]-->\n\n\t\n\t\t\n    <!--[separator]-->\n    <style>\n.bd-separator-1690688620{padding-top:10px;padding-bottom:40px;}<\/style>        <style>\n.bd-separator-1690688620 .bd-separator-inner:before, .bd-separator-1690688620 .bd-separator-inner:after{border-top:4px solid #b8b8b8;}<\/style>    <style>\n.bd-separator-1690688620 .bd-separator-inner{width:70px;}<\/style>\n    <div class=\" bd-separator-1690688620  bd-separator-center bd-separator-content-center clearfix\">\n        <div class=\"bd-container-inner\">\n            <div class=\"bd-separator-inner\">\n                                <!--{content}--><!--{\/content}-->\n            <\/div>\n        <\/div>\n    <\/div>\n    <!--[\/separator]-->\n\n                        <!--{\/content}-->\n                <\/div>\n            <\/div>\n        <\/div>\n    <!--[\/column]-->\n\n\t\n\t\t    <!--[column]-->\n        <div class=\"col-md-4 col-sm-6 bd-columnwrapper-1676861064\">\n            <div class=\"bd-column  bd-layoutcolumn-1676861064 \">\n                <div class=\"bd-vertical-align-wrapper\">\n                    <!--{content}-->\n                            <!--[text]-->\n        <style>\nh3.additional-class-827020217{\n\ttext-align:  center;\n\tfont-weight:  bold;\n}\n<\/style>        <h3 class=\" additional-class-827020217  bd-content-element\">\n            <!--{content}-->\n                Nuestro Compromiso            <!--{\/content}-->\n        <\/h3>\n    <!--[\/text]-->\n\n\t\n\t\t\n    <!--[separator]-->\n    <style>\n.bd-separator-722755912{padding:10px 0px;}<\/style>        <style>\n.bd-separator-722755912 .bd-separator-inner:before, .bd-separator-722755912 .bd-separator-inner:after{border-top:1px solid #333333;}<\/style>    <style>\n.bd-separator-722755912 .bd-separator-inner{width:25%;}<\/style>\n    <div class=\" bd-separator-722755912  bd-separator-center bd-separator-content-center clearfix\">\n        <div class=\"bd-container-inner\">\n            <div class=\"bd-separator-inner\">\n                                <!--{content}--><!--{\/content}-->\n            <\/div>\n        <\/div>\n    <\/div>\n    <!--[\/separator]-->\n\n    \n\t\n\t\t    <!--[text]-->\n        <style>\n.additional-class-1176982888{\n\tline-height:  22.85714286px;\n\tfont-size:  16px;\n}\n<\/style>        <p class=\" additional-class-1176982888  bd-content-element\">\n            <!--{content}-->\n                Nuestra preocupaci\u00f3n es su seguridad, nosotros nos encargamos de proteger sus instalaciones y de los suyos porque es nuestra vocaci\u00f3n, tenemos a vuestra disposicion un equipo profesional con muchos a\u00f1os de experiencia.<br>            <!--{\/content}-->\n        <\/p>\n    <!--[\/text]-->\n                    <!--{\/content}-->\n                <\/div>\n            <\/div>\n        <\/div>\n    <!--[\/column]-->\n\n\t\n\t\t    <!--[column]-->\n        <div class=\"col-md-4 col-sm-6 bd-columnwrapper-1256950954\">\n            <div class=\"bd-column  bd-layoutcolumn-1256950954 \">\n                <div class=\"bd-vertical-align-wrapper\">\n                    <!--{content}-->\n                            <!--[text]-->\n        <style>\nh3.additional-class-367380495{\n\tfont-weight:  bold;\n}\n<\/style>        <h3 class=\" additional-class-367380495  bd-content-element\">\n            <!--{content}-->\n                Nuestra Oficina            <!--{\/content}-->\n        <\/h3>\n    <!--[\/text]-->\n\n\t\n\t\t    <!--[text]-->\n        <style>\n.additional-class-2033115081{\n\tline-height:  22.85714286px;\n\tfont-size:  16px;\n}\n<\/style>        <p class=\" additional-class-2033115081  bd-content-element\">\n            <!--{content}-->\n                <br>DE LUNES A VIERNES<br>9:00 A 13:00 Y DE 16:00 A 20:00<br>            <!--{\/content}-->\n        <\/p>\n    <!--[\/text]-->\n\n\t\n\t\t<!--[layoutbox]--><div class=\"clearfix  additional-class-1743832197  bd-no-margins\"><div class=\"bd-container-inner\"><!--{content}--><!--[icon]--><style>\n.additional-class-1790160414{display:inline-block;}\n@media (max-width: 767px) {.additional-class-1790160414{margin-left:50%;-webkit-transform:translateX(-50%);-moz-transform:translateX(-50%);-ms-transform:translateX(-50%);transform:translateX(-50%);margin-right:-50%;display:inline-block;}}<\/style><style>.additional-class-1790160414 {\n                    text-decoration: inherit;\n\t                display: inline-block;\n\t                speak: none;\n\t            }\n\n                .additional-class-1790160414:before {\n                    font-family: 'Billion Web Font';\n\t                font-style: normal;\n\t                font-weight: normal;\n\t                text-decoration: inherit;\n\t                text-align: center;\n\t                text-transform: none;\n\t                width: 1em;\n                }.additional-class-1790160414:before { content: '\\288'; }.additional-class-1790160414:before {width: auto; visibility: inherit;}.additional-class-1790160414:before{display: inline-block;}<\/style><style>\n.additional-class-1790160414:before{color:#efac4d;font-size:20px;padding-right:12px;padding-top:12px;padding-bottom:12px;line-height:28.57142858px;}\n@media (max-width: 767px) {.additional-class-1790160414:before{padding:10px;}}<\/style><style>.additional-class-1790160414:before{line-height: 20px;}<\/style><style>.additional-class-1790160414:before {\n        vertical-align: middle;\n        text-decoration: none;\n    }<\/style><style>.additional-class-1790160414:hover {\n                    text-decoration: inherit;\n\t                display: inline-block;\n\t                speak: none;\n\t            }\n\n                .additional-class-1790160414:hover:before {\n                    font-family: 'Billion Web Font';\n\t                font-style: normal;\n\t                font-weight: normal;\n\t                text-decoration: inherit;\n\t                text-align: center;\n\t                text-transform: none;\n\t                width: 1em;\n                }.additional-class-1790160414:hover:before {width: auto; visibility: inherit;}.additional-class-1790160414:hover:before{display: inline-block;}<\/style><style>.additional-class-1790160414:hover:before {\n        vertical-align: middle;\n        text-decoration: none;\n    }<\/style><span class=\"bd-icon  additional-class-1790160414  bd-own-margins\"><!--{content}--><!--{\/content}--><\/span><!--[\/icon]--><!--{\/content}--><\/div><\/div><!--[\/layoutbox]-->\n\t\n\t\t    <!--[text]-->\n        <style>\n.additional-class-336086010{display:block;height:51px;margin-bottom:0px;}\n@media (max-width: 1199px) {.additional-class-336086010{width:108px;margin-left:auto;margin-right:auto;display:block;}}\n@media (max-width: 767px) {.additional-class-336086010{margin-left:auto;margin-right:auto;display:block;}}\n.additional-class-336086010{\n\tline-height:  25.71428572px;\n\tfont-size:  18px;\n\tfont-weight:  bold;\n\ttext-align:  center;\n}\n<\/style>        <p class=\" additional-class-336086010  bd-content-element\">\n            <!--{content}-->\n                24H 365D<br>973800611 \/ 628520315            <!--{\/content}-->\n        <\/p>\n    <!--[\/text]-->\n\n\t\n\t\t<!--[layoutbox]--><style>\n.additional-class-1073022298{margin-top:10px;display:inline-block;}\n@media (max-width: 767px) {.additional-class-1073022298{margin-left:50%;-webkit-transform:translateX(-50%);-moz-transform:translateX(-50%);-ms-transform:translateX(-50%);transform:translateX(-50%);margin-right:-50%;display:inline-block;}}\n@media (max-width: 767px) {.additional-class-1073022298{\n\ttext-align:  center;\n}\n}<\/style><div class=\"clearfix  additional-class-1073022298  bd-no-margins\"><div class=\"bd-container-inner\"><!--{content}--><!--[icon]--><style>\n.additional-class-2016119513{margin-left:50%;-webkit-transform:translateX(-50%);-moz-transform:translateX(-50%);-ms-transform:translateX(-50%);transform:translateX(-50%);margin-right:-50%;display:inline-block;}<\/style><style>.additional-class-2016119513 {\n                    text-decoration: inherit;\n\t                display: inline-block;\n\t                speak: none;\n\t            }\n\n                .additional-class-2016119513:before {\n                    font-family: 'Billion Web Font';\n\t                font-style: normal;\n\t                font-weight: normal;\n\t                text-decoration: inherit;\n\t                text-align: center;\n\t                text-transform: none;\n\t                width: 1em;\n                }.additional-class-2016119513:before { content: '\\157'; }.additional-class-2016119513:before {width: auto; visibility: inherit;}.additional-class-2016119513:before{display: inline-block;}<\/style><style>\n.additional-class-2016119513:before{color:#efac4d;font-size:20px;padding-right:12px;padding-top:12px;padding-bottom:12px;line-height:28.57142858px;}\n@media (max-width: 767px) {.additional-class-2016119513:before{padding:10px;}}<\/style><style>.additional-class-2016119513:before{line-height: 20px;}<\/style><style>.additional-class-2016119513:before {\n        vertical-align: middle;\n        text-decoration: none;\n    }<\/style><style>.additional-class-2016119513:hover {\n                    text-decoration: inherit;\n\t                display: inline-block;\n\t                speak: none;\n\t            }\n\n                .additional-class-2016119513:hover:before {\n                    font-family: 'Billion Web Font';\n\t                font-style: normal;\n\t                font-weight: normal;\n\t                text-decoration: inherit;\n\t                text-align: center;\n\t                text-transform: none;\n\t                width: 1em;\n                }.additional-class-2016119513:hover:before {width: auto; visibility: inherit;}.additional-class-2016119513:hover:before{display: inline-block;}<\/style><style>.additional-class-2016119513:hover:before {\n        vertical-align: middle;\n        text-decoration: none;\n    }<\/style><span class=\"bd-icon  additional-class-2016119513  bd-no-margins bd-own-margins\"><!--{content}--><!--{\/content}--><\/span><!--[\/icon]--><!--{\/content}--><\/div><\/div><!--[\/layoutbox]-->\n\t\n\t\t    <!--[text]-->\n        <style>\n.additional-class-818595128{display:block;height:24px;}\n.additional-class-818595128{\n\tline-height:  25.71428572px;\n\tfont-weight:  bold;\n\tfont-size:  18px;\n\ttext-align:  center;\n}\n<\/style>        <p class=\" additional-class-818595128  bd-content-element\">\n            <!--{content}-->\n                info@globaltecfire.es            <!--{\/content}-->\n        <\/p>\n    <!--[\/text]-->\n\n\t\n\t\t<!--[icon]--><style>\n.additional-class-528506725{display:inline-block;}<\/style><style>.additional-class-528506725 {\n                    text-decoration: inherit;\n\t                display: inline-block;\n\t                speak: none;\n\t            }\n\n                .additional-class-528506725:before {\n                    font-family: 'Billion Web Font';\n\t                font-style: normal;\n\t                font-weight: normal;\n\t                text-decoration: inherit;\n\t                text-align: center;\n\t                text-transform: none;\n\t                width: 1em;\n                }.additional-class-528506725:before { content: '\\ff'; }.additional-class-528506725:before {width: auto; visibility: inherit;}.additional-class-528506725:before{display: inline-block;}<\/style><style>\n.additional-class-528506725:before{color:#efac4d;font-size:20px;padding-right:12px;padding-top:12px;padding-bottom:12px;line-height:28.57142858px;}\n@media (max-width: 767px) {.additional-class-528506725:before{padding:10px;}}<\/style><style>.additional-class-528506725:before{line-height: 20px;}<\/style><style>.additional-class-528506725:before {\n        vertical-align: middle;\n        text-decoration: none;\n    }<\/style><style>.additional-class-528506725:hover {\n                    text-decoration: inherit;\n\t                display: inline-block;\n\t                speak: none;\n\t            }\n\n                .additional-class-528506725:hover:before {\n                    font-family: 'Billion Web Font';\n\t                font-style: normal;\n\t                font-weight: normal;\n\t                text-decoration: inherit;\n\t                text-align: center;\n\t                text-transform: none;\n\t                width: 1em;\n                }.additional-class-528506725:hover:before {width: auto; visibility: inherit;}.additional-class-528506725:hover:before{display: inline-block;}<\/style><style>.additional-class-528506725:hover:before {\n        vertical-align: middle;\n        text-decoration: none;\n    }<\/style><span class=\"bd-icon  additional-class-528506725  bd-own-margins\"><!--{content}--><!--{\/content}--><\/span><!--[\/icon]-->\n\t\n\t\t    <!--[text]-->\n        <style>\n.additional-class-490323619{\n\tline-height:  22.85714286px;\n\tfont-size:  16px;\n\tfont-weight:  bold;\n}\n<\/style>        <p class=\" additional-class-490323619  bd-content-element\">\n            <!--{content}-->\n                C\/BARCELONA 72, BAJOS<br>BALAGUER (25600) | LLEIDA<br>            <!--{\/content}-->\n        <\/p>\n    <!--[\/text]-->\n                    <!--{\/content}-->\n                <\/div>\n            <\/div>\n        <\/div>\n    <!--[\/column]-->\n\n\t\n\t\t    <!--[column]-->\n        <div class=\"col-md-4 col-sm-12 bd-columnwrapper-2000340332\">\n            <div class=\"bd-column  bd-layoutcolumn-2000340332 \">\n                <div class=\"bd-vertical-align-wrapper\">\n                    <!--{content}-->\n                            <!--[googlemap]-->\n        <style>\n            .additional-class-1482179767 {\n                height: 300px;\n                width: 100%;\n                display: block;\n            }\n        <\/style>\n        <style>\n.additional-class-1482179767{height:300px;width:100%;display:block;}<\/style>        <div class=\"  additional-class-1482179767  bd-own-margins\">\n            <div class=\"embed-responsive\" style=\"height: 100%; width: 100%;\">\n                <iframe class=\"embed-responsive-item\" src=\"\/\/maps.google.com\/maps?output=embed&q=Balaguer&t=m&hl=English\">\n                <\/iframe>\n            <\/div>\n        <\/div>\n    <!--[\/googlemap]-->\n                    <!--{\/content}-->\n                <\/div>\n            <\/div>\n        <\/div>\n    <!--[\/column]-->\n                        <!--{\/content}-->\n                    <\/div>\n                <\/div>\n            <\/div>\n        <\/div>\n    <!--[\/columns]-->\n\t\t\t\t<!--{\/content}-->\n\t\t\t<\/div>\n\t\t<\/section>\n\t<!--[\/section]-->\n\n","protected":false},"excerpt":{"rendered":"","protected":false},"author":1,"featured_media":0,"parent":0,"menu_order":8,"comment_status":"closed","ping_status":"closed","template":"","meta":{"footnotes":""},"class_list":["post-20","page","type-page","status-publish","hentry"],"_links":{"self":[{"href":"https:\/\/globaltecfire.es\/index.php\/wp-json\/wp\/v2\/pages\/20","targetHints":{"allow":["GET"]}}],"collection":[{"href":"https:\/\/globaltecfire.es\/index.php\/wp-json\/wp\/v2\/pages"}],"about":[{"href":"https:\/\/globaltecfire.es\/index.php\/wp-json\/wp\/v2\/types\/page"}],"author":[{"embeddable":true,"href":"https:\/\/globaltecfire.es\/index.php\/wp-json\/wp\/v2\/users\/1"}],"replies":[{"embeddable":true,"href":"https:\/\/globaltecfire.es\/index.php\/wp-json\/wp\/v2\/comments?post=20"}],"version-history":[{"count":17,"href":"https:\/\/globaltecfire.es\/index.php\/wp-json\/wp\/v2\/pages\/20\/revisions"}],"predecessor-version":[{"id":178,"href":"https:\/\/globaltecfire.es\/index.php\/wp-json\/wp\/v2\/pages\/20\/revisions\/178"}],"wp:attachment":[{"href":"https:\/\/globaltecfire.es\/index.php\/wp-json\/wp\/v2\/media?parent=20"}],"curies":[{"name":"wp","href":"https:\/\/api.w.org\/{rel}","templated":true}]}}