{"id":223,"date":"2025-01-30T17:04:35","date_gmt":"2025-01-30T17:04:35","guid":{"rendered":"https:\/\/globaltecfire.es\/index.php\/quienes-somos-2\/"},"modified":"2025-01-30T17:04:37","modified_gmt":"2025-01-30T17:04:37","slug":"quienes-somos-2","status":"publish","type":"page","link":"https:\/\/globaltecfire.es\/index.php\/quienes-somos-2\/","title":{"rendered":"\u00bfQuienes Somos?"},"content":{"rendered":"\n<h2 class=\"has-text-align-center wp-block-heading\">\u00bfQuienes Somos?<\/h2>\n\n\n\n<div class=\"wp-block-media-text alignwide has-media-on-the-right is-stacked-on-mobile is-image-fill\" style=\"grid-template-columns:auto 24%\"><figure class=\"wp-block-media-text__media\" style=\"background-image:url(https:\/\/globaltecfire.es\/wp-content\/uploads\/2025\/01\/Servicios-Tecnicos-de-Sistemas-de-Alarmas.jpg);background-position:50% 50%\"><img decoding=\"async\" src=\"https:\/\/globaltecfire.es\/wp-content\/uploads\/2025\/01\/Servicios-Tecnicos-de-Sistemas-de-Alarmas.jpg\" alt=\"\" class=\"wp-image-13\"\/><\/figure><div class=\"wp-block-media-text__content\">\n<p>Global Tecfire est\u00e0 formada per un gran equip de professionals altament qualificats i amb \u00e0mplia experi\u00e8ncia en el sector amb l\u2019objectiu d\u2019oferir la m\u00e0xima qualitat en els serveis d\u2019instal\u00b7laci\u00f3 i gesti\u00f3 de sistemas de seguretat, aix\u00ed com\u00a0 en protecci\u00f3 contra incendis, circuits tancats de televisi\u00f3 i control d\u2019accessos, entre d\u2019altres.<\/p>\n<\/div><\/div>\n","protected":false},"excerpt":{"rendered":"<p>\u00bfQuienes Somos? Global Tecfire est\u00e0 formada per un gran equip de professionals altament qualificats i amb \u00e0mplia experi\u00e8ncia en el sector amb l\u2019objectiu d\u2019oferir la m\u00e0xima qualitat en els serveis d\u2019instal\u00b7laci\u00f3 i gesti\u00f3 de sistemas de seguretat, aix\u00ed com\u00a0 en protecci\u00f3 contra incendis, circuits tancats de televisi\u00f3 i control d\u2019accessos, entre d\u2019altres.<\/p>\n","protected":false},"author":1,"featured_media":0,"parent":0,"menu_order":3,"comment_status":"closed","ping_status":"closed","template":"","meta":{"footnotes":""},"class_list":["post-223","page","type-page","status-publish","hentry"],"_links":{"self":[{"href":"https:\/\/globaltecfire.es\/index.php\/wp-json\/wp\/v2\/pages\/223","targetHints":{"allow":["GET"]}}],"collection":[{"href":"https:\/\/globaltecfire.es\/index.php\/wp-json\/wp\/v2\/pages"}],"about":[{"href":"https:\/\/globaltecfire.es\/index.php\/wp-json\/wp\/v2\/types\/page"}],"author":[{"embeddable":true,"href":"https:\/\/globaltecfire.es\/index.php\/wp-json\/wp\/v2\/users\/1"}],"replies":[{"embeddable":true,"href":"https:\/\/globaltecfire.es\/index.php\/wp-json\/wp\/v2\/comments?post=223"}],"version-history":[{"count":1,"href":"https:\/\/globaltecfire.es\/index.php\/wp-json\/wp\/v2\/pages\/223\/revisions"}],"predecessor-version":[{"id":229,"href":"https:\/\/globaltecfire.es\/index.php\/wp-json\/wp\/v2\/pages\/223\/revisions\/229"}],"wp:attachment":[{"href":"https:\/\/globaltecfire.es\/index.php\/wp-json\/wp\/v2\/media?parent=223"}],"curies":[{"name":"wp","href":"https:\/\/api.w.org\/{rel}","templated":true}]}}